{"id":5,"date":"2023-11-20T15:51:44","date_gmt":"2023-11-20T15:51:44","guid":{"rendered":"https:\/\/sandbox-gutenberg.globalis-cloud.com\/?page_id=5"},"modified":"2023-11-23T13:38:29","modified_gmt":"2023-11-23T13:38:29","slug":"accueil","status":"publish","type":"page","link":"https:\/\/sandbox-gutenberg.globalis-cloud.com\/","title":{"rendered":"Accueil"},"content":{"rendered":"\t<div class=\"container\" style=\"background-color: #dadada\">\n\t\t<div class=\"image-text image-text--left\">\n\t\t\t<div class=\"image-text_image\">\n\t\t\t\t<img decoding=\"async\" src=\"https:\/\/sandbox-gutenberg.globalis-cloud.com\/wp-content\/uploads\/2023\/11\/groupe-renault-shared-mobility-smart-city-1-2.jpg\" alt=\"\" width=400 height=400>\n\t\t\t<\/div>\n\n\t\t\t<div class=\"image-text_text image-text--left\">\n\t\t\t\t<div class=\"image-text_text_container\">\n\t\t\t\t\t<h2 class=\"image-text_text_title\" style=\"color: #000; font-size: \">\n\t\t\t\t\t\tSmart cities\n\t\t\t\t\t<\/h2>\n\n\t\t\t\t\t<div class=\"image-text_text_content\" style=\"color: #000;\">\n\t\t\t\t\t\t<br>Renault Group travaille avec les acteurs du secteur public pour apprendre et dialoguer avec les villes sur leur vision de l\u2019avenir. Par sa position de leader en Europe du v\u00e9hicule \u00e9lectrique et son engagement \u00e0 continuer \u00e0 investir dans les technologies et services innovants, Renault Group apporte sa contribution au d\u00e9veloppement des villes intelligentes.\n\t\t\t\t\t<\/div>\n\n\t\t\t\t\t<div class=\"image-text_text_buttons\">\n\t\t\t\t\t\t<a\n\t\t\t\t\t\t\tclass=\"btn\"\n\t\t\t\t\t\t\tstyle=\"background-color: #000; color: #FFF;\"\n\t\t\t\t\t\t\thref=\"https:\/\/sandbox-gutenberg.globalis-cloud.com\/index.php\/sample-page\/\"\n\t\t\t\t\t\t\ttarget=\"_self\"\n\t\t\t\t\t\t>\n\t\t\t\t\t\t\tEn savoir plus\n\t\t\t\t\t\t\t<i class=\"fas fa-external-link-alt fa-xs\" style=\"color: #FFF;\"><\/i>\n\t\t\t\t\t\t<\/a>\n\t\t\t\t\t<\/div>\n\t\t\t\t<\/div>\n\t\t\t<\/div>\n\t\t<\/div>\n\t<\/div>\n\n\t<div class=\"container\" style=\"background-color: \">\n\t\t<div class=\"image-text image-text--right\">\n\t\t\t<div class=\"image-text_image\">\n\t\t\t\t<img decoding=\"async\" src=\"https:\/\/sandbox-gutenberg.globalis-cloud.com\/wp-content\/uploads\/2023\/11\/groupe-renault-shared-mobility-smart-city-1-2.jpg\" alt=\"\" width=400 height=400>\n\t\t\t<\/div>\n\n\t\t\t<div class=\"image-text_text image-text--right\">\n\t\t\t\t<div class=\"image-text_text_container\">\n\t\t\t\t\t<h2 class=\"image-text_text_title\" style=\"color: ; font-size: \">\n\t\t\t\t\t\tSmart cities\n\t\t\t\t\t<\/h2>\n\n\t\t\t\t\t<div class=\"image-text_text_content\" style=\"color: ;\">\n\t\t\t\t\t\tRenault Group travaille avec les acteurs du secteur public pour apprendre et dialoguer avec les villes sur leur vision de l\u2019avenir. Par sa position de leader en Europe du v\u00e9hicule \u00e9lectrique et son engagement \u00e0 continuer \u00e0 investir dans les technologies et services innovants, Renault Group apporte sa contribution au d\u00e9veloppement des villes intelligentes.\n\t\t\t\t\t<\/div>\n\n\t\t\t\t\t<div class=\"image-text_text_buttons\">\n\t\t\t\t\t\t<a\n\t\t\t\t\t\t\tclass=\"btn\"\n\t\t\t\t\t\t\tstyle=\"background-color: ; color: ;\"\n\t\t\t\t\t\t\thref=\"\"\n\t\t\t\t\t\t\ttarget=\"_self\"\n\t\t\t\t\t\t>\n\t\t\t\t\t\t\t\n\t\t\t\t\t\t\t<i class=\"fas fa-external-link-alt fa-xs\" style=\"color: ;\"><\/i>\n\t\t\t\t\t\t<\/a>\n\t\t\t\t\t<\/div>\n\t\t\t\t<\/div>\n\t\t\t<\/div>\n\t\t<\/div>\n\t<\/div>\n\n\n<div class=\"wp-block-columns is-layout-flex wp-container-core-columns-layout-1 wp-block-columns-is-layout-flex\">\n<div class=\"wp-block-column is-layout-flow wp-block-column-is-layout-flow\" style=\"flex-basis:100%\">\t<div class=\"container\" style=\"background-color: #dadada\">\n\t\t<div class=\"text-block\">\n\t\t\t<h2 class=\"image-text_text_title\" style=\"color: #000; font-size: \">\n\t\t\t\tR\u00e9seau Electrique\n\t\t\t<\/h2>\n\n\t\t\t<div class=\"image-text_text_content\" style=\"color: #000;\">\n\t\t\t\t<br>Texte\u00a0: Une filiale qui a pour vocation d\u2019investir dans des projets autour des r\u00e9seaux \u00e9lectriques intelligents, en cr\u00e9ant des liens privil\u00e9gi\u00e9s avec les diff\u00e9rents acteurs de l\u2019\u00e9nergie. Renault Energy Services se concentrera principalement sur le d\u00e9veloppement de projets de recharge intelligente (smart charging), les interactions entre les v\u00e9hicules et le r\u00e9seau \u00e9lectrique (vehicle-to-grid) et les projets de seconde vie des batteries.\n\t\t\t<\/div>\n\n\t\t\t<div class=\"image-text_text_buttons\">\n\t\t\t\t<a\n\t\t\t\t\tclass=\"btn\"\n\t\t\t\t\tstyle=\"background-color: #FFF; color: #000;\"\n\t\t\t\t\thref=\"http:\/\/www.renault.fr\"\n\t\t\t\t\ttarget=\"_blank\"\n\t\t\t\t>\n\t\t\t\t\tEn savoir plus\n\t\t\t\t\t<i class=\"fas fa-external-link-alt fa-xs\" style=\"color: #000;\"><\/i>\n\t\t\t\t<\/a>\n\t\t\t<\/div>\n\t\t<\/div>\n\t<\/div><\/div>\n<\/div>\n","protected":false},"excerpt":{"rendered":"","protected":false},"author":1,"featured_media":0,"parent":0,"menu_order":0,"comment_status":"closed","ping_status":"closed","template":"","meta":{"footnotes":""},"_links":{"self":[{"href":"https:\/\/sandbox-gutenberg.globalis-cloud.com\/index.php\/wp-json\/wp\/v2\/pages\/5"}],"collection":[{"href":"https:\/\/sandbox-gutenberg.globalis-cloud.com\/index.php\/wp-json\/wp\/v2\/pages"}],"about":[{"href":"https:\/\/sandbox-gutenberg.globalis-cloud.com\/index.php\/wp-json\/wp\/v2\/types\/page"}],"author":[{"embeddable":true,"href":"https:\/\/sandbox-gutenberg.globalis-cloud.com\/index.php\/wp-json\/wp\/v2\/users\/1"}],"replies":[{"embeddable":true,"href":"https:\/\/sandbox-gutenberg.globalis-cloud.com\/index.php\/wp-json\/wp\/v2\/comments?post=5"}],"version-history":[{"count":27,"href":"https:\/\/sandbox-gutenberg.globalis-cloud.com\/index.php\/wp-json\/wp\/v2\/pages\/5\/revisions"}],"predecessor-version":[{"id":43,"href":"https:\/\/sandbox-gutenberg.globalis-cloud.com\/index.php\/wp-json\/wp\/v2\/pages\/5\/revisions\/43"}],"wp:attachment":[{"href":"https:\/\/sandbox-gutenberg.globalis-cloud.com\/index.php\/wp-json\/wp\/v2\/media?parent=5"}],"curies":[{"name":"wp","href":"https:\/\/api.w.org\/{rel}","templated":true}]}}